{"id":7305,"date":"2020-05-20T16:04:39","date_gmt":"2020-05-20T07:04:39","guid":{"rendered":"http:\/\/www.lib.saitama-u.ac.jp\/?page_id=7305"},"modified":"2021-08-24T17:00:36","modified_gmt":"2021-08-24T08:00:36","slug":"%e3%80%8cavant-garde-and-architecture-in-czechoslovakia-1909-1938%e3%80%8d%e3%83%81%e3%82%a7%e3%82%b3%e3%82%b9%e3%83%ad%e3%83%b4%e3%82%a1%e3%82%ad%e3%82%a2%e5%89%8d%e8%a1%9b%e8%8a%b8%e8%a1%93","status":"publish","type":"page","link":"https:\/\/www.lib.saitama-u.ac.jp\/?page_id=7305","title":{"rendered":"\u300cAvant-Garde and Architecture in Czechoslovakia 1909-1938\u300d(\u30c1\u30a7\u30b3\u30b9\u30ed\u30f4\u30a1\u30ad\u30a2\u524d\u885b\u82b8\u8853\u30fb\u5efa\u7bc9\u95a2\u9023\u6587\u732e\u96c6)\u306b\u3064\u3044\u3066"},"content":{"rendered":"<h4>\u6982\u8981<\/h4>\n<p>BrillOnline Primary Sources\u300cAvant-Garde and Architecture in Czechoslovakia 1909-1938\u300d(\u30c1\u30a7\u30b3\u30b9\u30ed\u30f4\u30a1\u30ad\u30a2\u524d\u885b\u82b8\u8853\u30fb\u5efa\u7bc9\u95a2\u9023\u6587\u732e\u96c6)\u306b\u306f\u30011945\u5e74\u4ee5\u5f8c\u306e\u653f\u6cbb\u7684\u80cc\u666f\u306b\u3088\u308a\u5165\u624b\u304c\u56f0\u96e3\u3068\u3055\u308c\u308b\u3001\u7b2c\u4e8c\u6b21\u4e16\u754c\u5927\u6226\u524d\u306e\u30c1\u30a7\u30b3\u30b9\u30ed\u30f4\u30a1\u30ad\u30a2\u306e\u524d\u885b\u82b8\u8853\u3084\u5efa\u7bc9\u95a2\u4fc2\u306e\u8cc7\u6599(\u4ee5\u4e0b6\u3064\u306e\u5b9a\u671f\u520a\u884c\u7269\u30015\u3064\u306e\u30e2\u30ce\u30b0\u30e9\u30d5)\u304c\u53ce\u9332\u3055\u308c\u3066\u3044\u307e\u3059\u3002<\/p>\n<table style=\"border-color: #5e2929; width: 584px;\" border=\"1\">\n<tbody>\n<tr>\n<td style=\"background-color: #99cc66;\">\u53ce\u9332\u30bf\u30a4\u30c8\u30eb<\/td>\n<td style=\"background-color: #99cc66;\">\u53ce\u9332\u5185\u5bb9\u30fb\u53ce\u9332\u7bc4\u56f2<\/td>\n<\/tr>\n<tr>\n<td style=\"width: 201px;\">Horizont<\/td>\n<td style=\"width: 367px;\">1927-1931<\/td>\n<\/tr>\n<tr>\n<td style=\"width: 201px;\">Monograph J. Krejcar<\/td>\n<td style=\"width: 367px;\">\u017divot. (La vie)<\/td>\n<\/tr>\n<tr>\n<td style=\"width: 201px;\">Monographs K. Teige<\/td>\n<td style=\"width: 367px;\">\n<ul>\n<li>Modern\u00ed architektura v \u010ceskoslovensku<\/li>\n<li>Nejmen\u0161\u00ed byt<\/li>\n<li>Pr\u00e1ce Jarom\u00edra Krejcara<\/li>\n<li>Stavba a b\u00e1se\u0148. Um\u0115n\u00ed dnes a z\u00edtra. 1919-1927<\/li>\n<\/ul>\n<\/td>\n<\/tr>\n<tr>\n<td style=\"width: 201px;\">RED<\/td>\n<td style=\"width: 367px;\">1927-1931<\/td>\n<\/tr>\n<tr>\n<td style=\"width: 201px;\">Sovremennaja Architektura<\/td>\n<td style=\"width: 367px;\">1928-1930<\/td>\n<\/tr>\n<tr>\n<td style=\"width: 201px;\">Stavba<\/td>\n<td style=\"width: 367px;\">1922-1937<\/td>\n<\/tr>\n<tr>\n<td style=\"width: 201px;\">Stavitel<\/td>\n<td style=\"width: 367px;\">1919-1937<\/td>\n<\/tr>\n<tr>\n<td style=\"width: 201px;\">Styl<\/td>\n<td style=\"width: 367px;\">1909-1938<\/td>\n<\/tr>\n<\/tbody>\n<\/table>\n<p>&nbsp;<\/p>\n<p>\u6587\u5316\u7684\u80cc\u666f\u3068\u3057\u3066\u306f\u300120\u4e16\u7d00\u521d\u982d\u3001Otto Wagner (\u30ef\u30fc\u30b0\u30ca\u30fc(1841-1918) \u30aa\u30fc\u30b9\u30c8\u30ea\u30a2\u306e\u5efa\u7bc9\u5bb6)\u304c\u5f71\u97ff\u529b\u3092\u6301\u3061\u3001\u30c1\u30a7\u30b3\u30b9\u30ed\u30f4\u30a1\u30ad\u30a2\u56fd\u5185\u306e\u30ef\u30fc\u30b0\u30ca\u30fc\u306e\u652f\u6301\u8005\u306f\u56fd\u5185\u306b\u304a\u3044\u3066\u65b0\u305f\u306a\u5efa\u7bc9\u3092\u751f\u307f\u51fa\u305d\u3046\u3068\u3057\u307e\u3057\u305f\u3002\u30d5\u30e9\u30f3\u30b9\u306e\u30ad\u30e5\u30d3\u30b9\u30e0\u306e\u5f71\u97ff\u3092\u53d7\u3051\u305f\u5efa\u7bc9\u5bb6\u306f\u3001\u4f1d\u7d71\u7684\u69d8\u5f0f\u3092\u5426\u5b9a\u3057\u3001\u7b2c\u4e00\u6b21\u4e16\u754c\u5927\u6226\u5f8c\u306e\u30c9\u30a4\u30c4\u306e\u8868\u73fe\u4e3b\u7fa9\u306b\u5339\u6575\u3059\u308b\u65b0\u305f\u306a\u5efa\u7bc9\u306e\u4e00\u6d3e\u3092\u7bc9\u304f\u306b\u81f3\u308a\u307e\u3057\u305f\u30021918\u5e74\u3088\u308a\u3001\u30c1\u30a7\u30b3\u30b9\u30ed\u30f4\u30a1\u30ad\u30a2\u306f\u30aa\u30e9\u30f3\u30c0 (Van Doesburg)\u3001\u30c9\u30a4\u30c4 (Bauhaus)\u3001\u30ed\u30b7\u30a2 (Constructivism)\u3001\u30d5\u30e9\u30f3\u30b9 (Le Corbusier)\u3068\u4ea4\u6d41\u3057\u3001\u30e8\u30fc\u30ed\u30c3\u30d1\u306b\u304a\u3051\u308b\u65b0\u3057\u3044\u5efa\u7bc9\u904b\u52d5\u306e\u4e00\u7ffc\u3092\u62c5\u3044\u307e\u3057\u305f\u3002\u540c\u69d8\u306e\u52d5\u304d\u304c\u82b8\u8853\u3084\u6587\u5b66\u3067\u3082\u8d77\u3053\u308a\u3001\u30d5\u30e9\u30f3\u30b9\u6587\u5b66\u3084Surrealism (\u30b7\u30e5\u30fc\u30eb\u30ec\u30a2\u30ea\u30b9\u30e0)\u3082\u3001\u30c1\u30a7\u30b3\u30b9\u30ed\u30f4\u30a1\u30ad\u30a2\u306e\u82b8\u8853\u3084\u6587\u5b66\u306b\u591a\u5927\u306a\u5f71\u97ff\u3092\u4e0e\u3048\u3066\u3044\u307e\u3059\u3002<\/p>\n<h4>\u5229\u7528\u65b9\u6cd5<\/h4>\n<p>\u5b66\u5185LAN\u304b\u3089<a href=\"https:\/\/primarysources.brillonline.com\/browse\/avant-garde-and-architecture-in-czechoslovakia-1909-1938\" target=\"_blank\" rel=\"noopener\">\u3053\u3061\u3089<\/a>\u306b\u63a5\u7d9a\u3059\u308c\u3070\u5229\u7528\u3067\u304d\u307e\u3059\u3002<\/p>\n<p>\u57fc\u7389\u5927\u5b66\u5b66\u5185\u304b\u3089\u5229\u7528\u3067\u304d\u308b\u30c7\u30fc\u30bf\u30d9\u30fc\u30b9\u7b49\u306e\u4e00\u89a7\u306b\u3064\u3044\u3066\u306f<a href=\".\/?page_id=7327\" target=\"_blank\" rel=\"noopener\">\u3053\u3061\u3089<\/a>\u3082\u3054\u89a7\u304f\u3060\u3055\u3044\u3002<\/p>\n","protected":false},"excerpt":{"rendered":"<p>\u6982\u8981 BrillOnline Primary Sources\u300cAvant-Garde and Architecture in Czechoslovakia 1909-1938\u300d(\u30c1\u30a7\u30b3\u30b9\u30ed\u30f4\u30a1\u30ad\u30a2\u524d\u885b\u82b8\u8853\u30fb\u5efa\u7bc9\u95a2\u9023\u6587\u732e\u96c6 [&hellip;]<\/p>\n","protected":false},"author":1,"featured_media":0,"parent":211,"menu_order":5,"comment_status":"closed","ping_status":"closed","template":"","meta":{"footnotes":""},"_links":{"self":[{"href":"https:\/\/www.lib.saitama-u.ac.jp\/index.php?rest_route=\/wp\/v2\/pages\/7305"}],"collection":[{"href":"https:\/\/www.lib.saitama-u.ac.jp\/index.php?rest_route=\/wp\/v2\/pages"}],"about":[{"href":"https:\/\/www.lib.saitama-u.ac.jp\/index.php?rest_route=\/wp\/v2\/types\/page"}],"author":[{"embeddable":true,"href":"https:\/\/www.lib.saitama-u.ac.jp\/index.php?rest_route=\/wp\/v2\/users\/1"}],"replies":[{"embeddable":true,"href":"https:\/\/www.lib.saitama-u.ac.jp\/index.php?rest_route=%2Fwp%2Fv2%2Fcomments&post=7305"}],"version-history":[{"count":2,"href":"https:\/\/www.lib.saitama-u.ac.jp\/index.php?rest_route=\/wp\/v2\/pages\/7305\/revisions"}],"predecessor-version":[{"id":8316,"href":"https:\/\/www.lib.saitama-u.ac.jp\/index.php?rest_route=\/wp\/v2\/pages\/7305\/revisions\/8316"}],"up":[{"embeddable":true,"href":"https:\/\/www.lib.saitama-u.ac.jp\/index.php?rest_route=\/wp\/v2\/pages\/211"}],"wp:attachment":[{"href":"https:\/\/www.lib.saitama-u.ac.jp\/index.php?rest_route=%2Fwp%2Fv2%2Fmedia&parent=7305"}],"curies":[{"name":"wp","href":"https:\/\/api.w.org\/{rel}","templated":true}]}}